{"id":77,"date":"2022-02-19T13:48:22","date_gmt":"2022-02-19T12:48:22","guid":{"rendered":"http:\/\/rasputin.fritz.box\/?page_id=77"},"modified":"2026-03-22T10:35:41","modified_gmt":"2026-03-22T09:35:41","slug":"vermietung","status":"publish","type":"page","link":"https:\/\/www.rv-rheinsberg.de\/?page_id=77","title":{"rendered":"Vermietung"},"content":{"rendered":"\n<div class=\"wp-block-group\"><div class=\"wp-block-group__inner-container is-layout-flow wp-block-group-is-layout-flow\">\n<div class=\"wp-block-columns is-layout-flex wp-container-core-columns-is-layout-9d6595d7 wp-block-columns-is-layout-flex\">\n<div class=\"wp-block-column is-layout-flow wp-block-column-is-layout-flow\">\n<h2 class=\"wp-block-heading\">Bungalow<\/h2>\n\n\n\n<p>Wenn man mal die Seele baumeln lassen m\u00f6chte, so ist man im Bungalow des Rudervereins Rheinsberg richtig.<\/p>\n\n\n\n<p>Der Bungalow befindet sich auf dem Gel\u00e4nde des Rudervereins, steht aber separat, sodass man durch die Aktivit\u00e4ten des Vereins nicht gest\u00f6rt wird.<\/p>\n\n\n\n<p>Er besteht aus einem Wohnraum mit Radio und TV, ein Schlafraum f\u00fcr zwei Personen, eine Aufbettung f\u00fcr eine dritte Schlafstelle besteht im Wohnraum&nbsp;&nbsp; &nbsp;(Schlafcouch), ein Fr\u00fchst\u00fccksraum sowie K\u00fcche und Bad mit Dusche. Im Wohnraum befindet sich ein Kamin, sodass man es sich an k\u00fchlen Tagen kuschlig machen kann.<\/p>\n\n\n\n<p>Von der gro\u00dfen Terrasse hat man einen herrlichen Blick auf den Grienericksee. Badem\u00f6glichkeit besteht vom Steg des Vereins. F\u00fcr Angler steht ein Ruderboot vom Typ Anker mit Au\u00dfenbordmotor bereit. Benzinkosten sind separat zu zahlen. F\u00fcr Ausfl\u00fcge in die Seenlandschaft kann man sich ein Motorboot mieten. Die Kosten betragen 30 \u20ac pro Tag plus Benzinkosten.<\/p>\n\n\n\n<p>Wer Sehensw\u00fcrdigkeiten sucht ist hier ebenfalls richtig. Der Bungalow liegt im Zentrum von Rheinsberg und man kann in f\u00fcnf Minuten \u00fcber die Uferpromenade zum Schloss Rheinsberg oder die historische Altstadt gelangen.<\/p>\n\n\n\n<p>Aber wer die Ruhe sucht, findet diese in den herrlichen W\u00e4ldern um Rheinsberg, oder er geht auf Pilzsuche.<\/p>\n\n\n\n            <div class=\"fotorama responsive-image-silder\" \n                data-width=\"390px\"\n                data-height=\"390px\" \n                data-nav=\"dots\"\n                data-navwidth=\"\" \n                data-allowfullscreen=\"false\"\n                data-fit=\"cover\"\n                data-transitionduration=\"300\"\n                data-autoplay=\"true\" \n                data-loop=\"true\"\n                data-arrows=\"true\" \n                data-swipe=\"true\"\n                data-spinner=\"true\" \n                data-transition=\"slide\">\n                                        <img decoding=\"async\" src=\"https:\/\/www.rv-rheinsberg.de\/wp-content\/uploads\/2022\/04\/bung08.jpeg\" data-thumb=\"https:\/\/www.rv-rheinsberg.de\/wp-content\/uploads\/2022\/04\/bung08-150x150.jpeg\" data-caption=\"\">\n                                                <img decoding=\"async\" src=\"https:\/\/www.rv-rheinsberg.de\/wp-content\/uploads\/2022\/04\/bung05.jpeg\" data-thumb=\"https:\/\/www.rv-rheinsberg.de\/wp-content\/uploads\/2022\/04\/bung05-150x150.jpeg\" data-caption=\"\">\n                                                <img decoding=\"async\" src=\"https:\/\/www.rv-rheinsberg.de\/wp-content\/uploads\/2022\/04\/bung06.jpeg\" data-thumb=\"https:\/\/www.rv-rheinsberg.de\/wp-content\/uploads\/2022\/04\/bung06-150x150.jpeg\" data-caption=\"\">\n                                                <img decoding=\"async\" src=\"https:\/\/www.rv-rheinsberg.de\/wp-content\/uploads\/2022\/04\/bung07.jpeg\" data-thumb=\"https:\/\/www.rv-rheinsberg.de\/wp-content\/uploads\/2022\/04\/bung07-150x150.jpeg\" data-caption=\"\">\n                                                <img decoding=\"async\" src=\"https:\/\/www.rv-rheinsberg.de\/wp-content\/uploads\/2022\/04\/bung04.jpeg\" data-thumb=\"https:\/\/www.rv-rheinsberg.de\/wp-content\/uploads\/2022\/04\/bung04-150x150.jpeg\" data-caption=\"\">\n                                                <img decoding=\"async\" src=\"https:\/\/www.rv-rheinsberg.de\/wp-content\/uploads\/2022\/04\/bung03.jpeg\" data-thumb=\"https:\/\/www.rv-rheinsberg.de\/wp-content\/uploads\/2022\/04\/bung03-150x150.jpeg\" data-caption=\"\">\n                                                <img decoding=\"async\" src=\"https:\/\/www.rv-rheinsberg.de\/wp-content\/uploads\/2022\/04\/bung02.jpeg\" data-thumb=\"https:\/\/www.rv-rheinsberg.de\/wp-content\/uploads\/2022\/04\/bung02-150x150.jpeg\" data-caption=\"\">\n                                                <img decoding=\"async\" src=\"https:\/\/www.rv-rheinsberg.de\/wp-content\/uploads\/2022\/04\/bung01.jpeg\" data-thumb=\"https:\/\/www.rv-rheinsberg.de\/wp-content\/uploads\/2022\/04\/bung01-150x150.jpeg\" data-caption=\"\">\n                                                <img decoding=\"async\" src=\"https:\/\/www.rv-rheinsberg.de\/wp-content\/uploads\/2022\/07\/Bungalow_1.jpg\" data-thumb=\"https:\/\/www.rv-rheinsberg.de\/wp-content\/uploads\/2022\/07\/Bungalow_1-150x150.jpg\" data-caption=\"\">\n                                                <img decoding=\"async\" src=\"https:\/\/www.rv-rheinsberg.de\/wp-content\/uploads\/2022\/10\/Bungalow_12.jpeg\" data-thumb=\"https:\/\/www.rv-rheinsberg.de\/wp-content\/uploads\/2022\/10\/Bungalow_12-150x150.jpeg\" data-caption=\"\">\n                                                <img decoding=\"async\" src=\"https:\/\/www.rv-rheinsberg.de\/wp-content\/uploads\/2022\/10\/Bungalow_11.jpeg\" data-thumb=\"https:\/\/www.rv-rheinsberg.de\/wp-content\/uploads\/2022\/10\/Bungalow_11-150x150.jpeg\" data-caption=\"\">\n                                                <img decoding=\"async\" src=\"https:\/\/www.rv-rheinsberg.de\/wp-content\/uploads\/2022\/10\/Bungalow_10.jpeg\" data-thumb=\"https:\/\/www.rv-rheinsberg.de\/wp-content\/uploads\/2022\/10\/Bungalow_10-150x150.jpeg\" data-caption=\"\">\n                                    <\/div>\n            \n            <!-- Initialization Script - Inside the container to ensure it's returned by the shortcode -->\n            <script>\n                jQuery(function ($) {\n                    $('.responsive-image-silder').fotorama({\n                        spinner: {\n                            lines: 13,\n                            color: 'rgba(0, 0, 0, .75)',\n                            className: 'fotorama',\n                        }\n                    });\n                });\n            <\/script>\n            \n<\/div>\n\n\n\n<div class=\"wp-block-column is-layout-flow wp-block-column-is-layout-flow\">\n<div class=\"wp-block-group\"><div class=\"wp-block-group__inner-container is-layout-flow wp-block-group-is-layout-flow\"><\/div><\/div>\n<\/div>\n<\/div>\n<\/div><\/div>\n\n\n\n<figure class=\"wp-block-table is-style-stripes\"><table><thead><tr><th>K\u00fcche<\/th><th>Sanit\u00e4r<\/th><th>Service<\/th><th><strong>Technik<\/strong><\/th><th><strong>Betten<\/strong><\/th><th>Au\u00dfenanlage<\/th><\/tr><\/thead><tbody><tr><td>Pantry \/ Mini<\/td><td>Dusche<\/td><td>Bettw\u00e4sche<\/td><td>Kabel SAT<\/td><td>1 Doppelbett<\/td><td>Bootssteg<\/td><\/tr><tr><td>K\u00fchlschrank<\/td><td>WC<\/td><td><span style=\"color:#FF0000\">keine Handt\u00fccher<\/span><\/td><td>TV- Flachbildschirm<\/td><td>1 Sofabett<\/td><td>Grillm\u00f6glichkeit<\/td><\/tr><tr><td>Mikrowelle<\/td><td>Harrtrockner<\/td><td><span style=\"color:#FF0000\">Nichtraucher<\/span><\/td><td><\/td><td><\/td><td>Parkplatz<\/td><\/tr><tr><td>Kaffeemaschine<\/td><td><\/td><td><span style=\"color:#FF0000\">Tiere nicht erlaubt<\/span><\/td><td><\/td><td><\/td><td>Badem\u00f6glichkeit<\/td><\/tr><\/tbody><\/table><\/figure>\n\n\n\n<p>Die Vermietung unseres Bungalow erfolgt \u00fcber Interhome, zus\u00e4tzliche Geb\u00fchren wie Kurtaxe oder Bootspreise sind unserer Geb\u00fchrenordnung zu entnehmen, diese finden Sie hier: <a href=\"https:\/\/www.rv-rheinsberg.de\/?page_id=535\" data-type=\"page\" data-id=\"535\">Geb\u00fchrenordnung<\/a><\/p>\n\n\n\n<p><\/p>\n","protected":false},"excerpt":{"rendered":"<p>Bungalow Wenn man mal die Seele baumeln lassen m\u00f6chte, so ist man im Bungalow des Rudervereins Rheinsberg richtig. Der Bungalow befindet sich auf dem Gel\u00e4nde des Rudervereins, steht aber separat, &#8230;<\/p>\n","protected":false},"author":1,"featured_media":313,"parent":0,"menu_order":0,"comment_status":"closed","ping_status":"closed","template":"","meta":{"footnotes":""},"class_list":["post-77","page","type-page","status-publish","has-post-thumbnail","hentry"],"_links":{"self":[{"href":"https:\/\/www.rv-rheinsberg.de\/index.php?rest_route=\/wp\/v2\/pages\/77","targetHints":{"allow":["GET"]}}],"collection":[{"href":"https:\/\/www.rv-rheinsberg.de\/index.php?rest_route=\/wp\/v2\/pages"}],"about":[{"href":"https:\/\/www.rv-rheinsberg.de\/index.php?rest_route=\/wp\/v2\/types\/page"}],"author":[{"embeddable":true,"href":"https:\/\/www.rv-rheinsberg.de\/index.php?rest_route=\/wp\/v2\/users\/1"}],"replies":[{"embeddable":true,"href":"https:\/\/www.rv-rheinsberg.de\/index.php?rest_route=%2Fwp%2Fv2%2Fcomments&post=77"}],"version-history":[{"count":27,"href":"https:\/\/www.rv-rheinsberg.de\/index.php?rest_route=\/wp\/v2\/pages\/77\/revisions"}],"predecessor-version":[{"id":1019,"href":"https:\/\/www.rv-rheinsberg.de\/index.php?rest_route=\/wp\/v2\/pages\/77\/revisions\/1019"}],"wp:featuredmedia":[{"embeddable":true,"href":"https:\/\/www.rv-rheinsberg.de\/index.php?rest_route=\/wp\/v2\/media\/313"}],"wp:attachment":[{"href":"https:\/\/www.rv-rheinsberg.de\/index.php?rest_route=%2Fwp%2Fv2%2Fmedia&parent=77"}],"curies":[{"name":"wp","href":"https:\/\/api.w.org\/{rel}","templated":true}]}}