{"id":71,"date":"2022-02-19T13:48:22","date_gmt":"2022-02-19T12:48:22","guid":{"rendered":"http:\/\/rasputin.fritz.box\/?page_id=71"},"modified":"2023-01-27T13:24:51","modified_gmt":"2023-01-27T12:24:51","slug":"mitgliedschaft","status":"publish","type":"page","link":"https:\/\/www.rv-rheinsberg.de\/?page_id=71","title":{"rendered":"Beitragsordnung"},"content":{"rendered":"\n<p><strong>\u00a7 1 Grundsatz<\/strong><\/p>\n\n\n\n<p>(1) Der Ruderverein Rheinsberg 1910 e.V. ist in dieser Beitragsordnung als Verein benannt.<\/p>\n\n\n\n<p>(2) In dieser Beitragsordnung wird die m\u00e4nnliche Form verwendet, dies gilt gleicherma\u00dfen f\u00fcr die weibliche und diverse Form.<\/p>\n\n\n\n<p>(3) Die Regelungen in dieser Beitragsordnung finden ihre Grundlage in den \u00a7 6a der Vereinssatzung in der Fassung vom 28.02.2014. Sie ist daher nicht Bestandteil der Satzung.<\/p>\n\n\n\n<p>(4) Dieses Dokument regelt die Beitragsverpflichtungen der Mitglieder sowie die Geb\u00fchren und Umlagen. Sie kann nur von der Mitgliederversammlung des Vereins ge\u00e4ndert werden.<\/p>\n\n\n\n<p>(5) Diese Verordnung tritt mit Wirkung zum 2.2.2018 in Kraft.<br><\/p>\n\n\n\n<p><strong>\u00a7 2 Beitragspflicht<\/strong><\/p>\n\n\n\n<p>(1) Das Beitragsaufkommen ist eine wesentliche Grundlage f\u00fcr die finanzielle Ausstattung des Vereins.<\/p>\n\n\n\n<p>Daher ist der Verein darauf angewiesen, dass alle Mitglieder ihrer in der Satzung grunds\u00e4tzlich verankerten Beitragspflicht p\u00fcnktlich in vollem Umfang nachkommen. Nur so kann der Verein seine Aufgaben erf\u00fcllen und seine Leistungen gegen\u00fcber den Mitgliedern erbringen. Jedes Vereinsmitglied hat daher einen monatlichen Mitgliedsbeitrag zu zahlen. Dieser Beitrag wird j\u00e4hrlich zum Jahresbeginn erhoben.<\/p>\n\n\n\n<p>(2) Ehrenmitglieder sind beitragsfrei. \u00dcber die Befreiung der Beitragspflicht entscheidet die Mitgliederversammlung.<br><\/p>\n\n\n\n<p><strong>\u00a7 3 Beschl\u00fcsse zum Mitgliedsbeitrag<\/strong><\/p>\n\n\n\n<p>(1) Die H\u00f6he des Beitrags und der Umlagen wird von der Mitgliederversammlung beschlossen. Die Mitgliederversammlung legt die zu zahlenden Geb\u00fchren fest.<\/p>\n\n\n\n<p>(2) Die festgesetzten Betr\u00e4ge werden zum ersten Monat des folgenden Jahres erhoben, in dem der Beschluss gefasst wurde. Durch Beschluss der Mitgliederversammlung kann auch ein anderer Termin festgelegt werden.<br><\/p>\n\n\n\n<p><strong>\u00a7 4 H\u00f6he des Beitrags<\/strong><\/p>\n\n\n\n<p>(1) Die Mitglieder haben folgende Beitr\u00e4ge zu zahlen: siehe Tabelle Beitragsordnung.<\/p>\n\n\n\n<p>(2) F\u00fcr die Beitragsh\u00f6he ist der am F\u00e4lligkeitstag bestehende Mitgliederstatus ma\u00dfgebend.<\/p>\n\n\n\n<p>(3) F\u00fcr die Einstufung in der jeweiligen Mitgliedergruppe, insb. der Altersklasse, gilt das vollendete Segmentierungsjahr (z.B. Lebensjahr) zum 31.12. des Vorjahres. Bei Neuaufnahmen gilt jedoch das Alter am Aufnahmetag. Ab dem dritten Kind (bis zum vollendeten 18. Lebensjahr) entfallen die Abteilungsbeitr\u00e4ge sowohl f\u00fcr das dritte Kind als auch f\u00fcr jedes weitere.<\/p>\n\n\n\n<p>(5) \u00c4nderungen der pers\u00f6nlichen Angaben sind schnellstm\u00f6glich mitzuteilen, insbesondere bei Inanspruchnahme von erm\u00e4\u00dfigten Beitragsformen.<\/p>\n\n\n\n<p>(6) Der Mitgliedsbeitrag enth\u00e4lt folgende Beitr\u00e4ge:<\/p>\n\n\n\n<ol class=\"wp-block-list\" type=\"a\">\n<li>Entgelt f\u00fcr Grundst\u00fcck, Geb\u00e4ude mit Neben- und Betriebskosten<\/li>\n\n\n\n<li>Entgelt f\u00fcr Sportruderboote und Ausstattungen<\/li>\n\n\n\n<li>Entgelt f\u00fcr Versicherungen<\/li>\n\n\n\n<li>Entgelt f\u00fcr Geb\u00fchren an Verb\u00e4nde<\/li>\n<\/ol>\n\n\n\n<p>(7) Erfolgt der Vereinseintritt entsteht die Beitragspflicht ab dem darauffolgenden Monat.<\/p>\n\n\n\n<p>(8) Bei einem Vereinsaustritt endet die Beitragspflicht zum Ende des Quartals.<\/p>\n\n\n\n<p>(9) Der Mitgliedsbeitrag gilt personengebunden f\u00fcr Einzelpersonen. Der Familienbeitrag ist f\u00fcr Familien\/Lebensgemeinschaften mit ihren unmittelbaren angeh\u00f6rigen Kindern.<br><\/p>\n\n\n\n<p><strong>\u00a7 5 Zahlungsform<\/strong><\/p>\n\n\n\n<p>(1) Die Mitgliedsbeitr\u00e4ge, Sonderumlagen und sonstige Geb\u00fchren sind mittels SEPA-Lastschriftverfahren zu zahlen.<\/p>\n\n\n\n<p>(3) Kann der Bankeinzug aus Gr\u00fcnden, die das Mitglied zu vertreten hat, nicht erfolgen, sind die dem Verein dadurch entstehenden Bankgeb\u00fchren vom Mitglied zu erstatten.<\/p>\n\n\n\n<ol class=\"wp-block-list\" type=\"a\">\n<li>Bei Mahnungen werden zus\u00e4tzlich Mahngeb\u00fchren von 5,00 Euro pro Mahnung erhoben.<\/li>\n\n\n\n<li>F\u00fcr die Beitragsr\u00fcckst\u00e4nde minderj\u00e4hriger Mitglieder haften deren gesetzliche Vertreter.<br><\/li>\n<\/ol>\n\n\n\n<p><strong>\u00a7 6 Geb\u00fchren<\/strong><\/p>\n\n\n\n<p>(1) Eine Aufnahmegeb\u00fchr kann durch die Mitgliederversammlung beschlossen werden.<\/p>\n\n\n\n<p>(2) F\u00fcr zus\u00e4tzliche Vereinsangebote (z.B. Sportkurse, Rehabilitationsprogramme, Liegepl\u00e4tze, Nutzung Saal usw.) werden gesonderte Geb\u00fchren erhoben, die im Einzelnen in der Anlage 2 festzulegen sind.<br><\/p>\n\n\n\n<p><strong>\u00a7 7 Umlage<\/strong><\/p>\n\n\n\n<p>\u00dcber eine Umlage entscheidet die Mitgliederversammlung nach Ma\u00dfgabe der Satzung.<br><\/p>\n\n\n\n<p><strong>\u00a7 8 Datenverarbeitung<\/strong><\/p>\n\n\n\n<p>Die Beitrags-, Geb\u00fchren und Umlagen Erhebung erfolgt durch Datenverarbeitung (EDV). Die personengesch\u00fctzten Daten der Mitglieder werden nach dem Bundesdatengesetz gespeichert.<br><\/p>\n\n\n\n<p><strong>\u00a7 9 \u00c4nderungen<\/strong><\/p>\n\n\n\n<p>(1) \u00c4nderungen, welche die H\u00f6he des Beitrags betreffen, werden von der Mitgliederversammlung beschlossen.<\/p>\n\n\n\n<p>(2) \u00dcber alle anderen \u00c4nderungen, die diese Beitragsordnung betreffen, entscheidet die Mitgliederversammlung.<br><\/p>\n\n\n\n<p><strong>\u00a7 10 Vereinsaustritt<\/strong><\/p>\n\n\n\n<p>Ein Vereinsaustritt ist nur in schriftlicher Form zum Quartalsende m\u00f6glich.<br><\/p>\n\n\n\n<p><\/p>\n\n\n\n<figure class=\"wp-block-table is-style-stripes\"><table><tbody><tr><td><strong>Die Mitglieder haben folgende Beitr\u00e4ge zu zahlen<\/strong><\/td><td><\/td><\/tr><tr><td>Sch\u00fcler<\/td><td>10\u20ac pro Monat<\/td><\/tr><tr><td>Erwachsene \u00fcber 18 Jahre<\/td><td>15\u20ac pro Monat<\/td><\/tr><tr><td>Senioren<\/td><td>15\u20ac pro Monat<\/td><\/tr><tr><td>F\u00f6rderndes Mitglied<\/td><td>Mindestens 100\u20ac pro Jahr<\/td><\/tr><tr><td>Familien<\/td><td>20\u20ac pro Monat<\/td><\/tr><tr><td>Ehrenmitglieder<\/td><td>Beitragsfrei<\/td><\/tr><tr><td>Schnupperkurs (4 Wochen)<\/td><td>Beitragsfrei<\/td><\/tr><tr><td>Arbeitsstunden je Mitglied<\/td><td>10 Std pro Jahr<\/td><\/tr><tr><td>Nicht geleistete Arbeitsstunden<\/td><td>5\u20ac<\/td><\/tr><tr><td><strong>Die Mitglieder haben folgende j\u00e4hrlichen Geb\u00fchren f\u00fcr Bootsst\u00e4nde zu zahlen<\/strong><\/td><td><\/td><\/tr><tr><td>Boot (Steg gro\u00df)<\/td><td>230,00 \u20ac<\/td><\/tr><tr><td>Boot (Steg klein)<\/td><td>180,00 \u20ac<\/td><\/tr><tr><td>Paddelboot\/ Kajak auf dem Gel\u00e4nde unterstellen<br>nicht im Bootshaus<\/td><td>100,00 \u20ac<\/td><\/tr><\/tbody><\/table><figcaption class=\"wp-element-caption\">Beitragsordnung<\/figcaption><\/figure>\n\n\n\n<p><\/p>\n","protected":false},"excerpt":{"rendered":"<p>\u00a7 1 Grundsatz (1) Der Ruderverein Rheinsberg 1910 e.V. ist in dieser Beitragsordnung als Verein benannt. (2) In dieser Beitragsordnung wird die m\u00e4nnliche Form verwendet, dies gilt gleicherma\u00dfen f\u00fcr die &#8230;<\/p>\n","protected":false},"author":1,"featured_media":273,"parent":0,"menu_order":0,"comment_status":"closed","ping_status":"closed","template":"","meta":{"footnotes":""},"class_list":["post-71","page","type-page","status-publish","has-post-thumbnail","hentry"],"_links":{"self":[{"href":"https:\/\/www.rv-rheinsberg.de\/index.php?rest_route=\/wp\/v2\/pages\/71","targetHints":{"allow":["GET"]}}],"collection":[{"href":"https:\/\/www.rv-rheinsberg.de\/index.php?rest_route=\/wp\/v2\/pages"}],"about":[{"href":"https:\/\/www.rv-rheinsberg.de\/index.php?rest_route=\/wp\/v2\/types\/page"}],"author":[{"embeddable":true,"href":"https:\/\/www.rv-rheinsberg.de\/index.php?rest_route=\/wp\/v2\/users\/1"}],"replies":[{"embeddable":true,"href":"https:\/\/www.rv-rheinsberg.de\/index.php?rest_route=%2Fwp%2Fv2%2Fcomments&post=71"}],"version-history":[{"count":6,"href":"https:\/\/www.rv-rheinsberg.de\/index.php?rest_route=\/wp\/v2\/pages\/71\/revisions"}],"predecessor-version":[{"id":534,"href":"https:\/\/www.rv-rheinsberg.de\/index.php?rest_route=\/wp\/v2\/pages\/71\/revisions\/534"}],"wp:featuredmedia":[{"embeddable":true,"href":"https:\/\/www.rv-rheinsberg.de\/index.php?rest_route=\/wp\/v2\/media\/273"}],"wp:attachment":[{"href":"https:\/\/www.rv-rheinsberg.de\/index.php?rest_route=%2Fwp%2Fv2%2Fmedia&parent=71"}],"curies":[{"name":"wp","href":"https:\/\/api.w.org\/{rel}","templated":true}]}}