{"id":644,"date":"2023-03-24T17:02:36","date_gmt":"2023-03-24T16:02:36","guid":{"rendered":"https:\/\/www.rv-rheinsberg.de\/?page_id=644"},"modified":"2023-03-24T17:23:19","modified_gmt":"2023-03-24T16:23:19","slug":"vereinskleidung","status":"publish","type":"page","link":"https:\/\/www.rv-rheinsberg.de\/?page_id=644","title":{"rendered":"Vereinskleidung"},"content":{"rendered":"\n<p>Die hochwertige, strapazierf\u00e4hige und zweckm\u00e4\u00dfige Kleidung wird von dem auf den Rudersport spezialisierten Hersteller &#8222;JL Teams&#8220; bezogen und f\u00fcr unseren Verein mit speziellen Applikationen versehen.\u00a0<\/p>\n\n\n\n<p>Sie kann ausschlie\u00dflich \u00fcber den eigens f\u00fcr uns eingerichteten Onlineshop bezogen werden: <a href=\"https:\/\/jl-teams.de\/168-rv-rheinsberg-1910-ev\" target=\"_blank\" rel=\"noreferrer noopener\"><strong>RVR Bekleidungsshop<\/strong><\/a><\/p>\n\n\n\n<p>Dort k\u00f6nnen, nach voriger Anmeldung, direkt die gew\u00fcnschten Bekleidungsst\u00fccke bestellt und nach Hause geliefert werden. F\u00fcr die entsprechenden Gr\u00f6\u00dfen bitte im Vorfeld andere Ruderkameraden ansprechen und ggf. Bekleidungsst\u00fccke anprobieren. Da die Bekleidungsst\u00fccke extra f\u00fcr die RVR Mitglieder nach der Bestellung mit dem RVR Logo etc. veredelt werden, ist eine R\u00fccksendung nicht ohne Weiteres m\u00f6glich.<\/p>\n\n\n\n<figure class=\"wp-block-image size-large\"><a href=\"https:\/\/jl-teams.de\/168-rv-rheinsberg-1910-ev\" target=\"_blank\" rel=\"noreferrer noopener\"><img loading=\"lazy\" decoding=\"async\" width=\"1024\" height=\"868\" src=\"https:\/\/www.rv-rheinsberg.de\/wp-content\/uploads\/2023\/03\/RVR-Shop-1024x868.png\" alt=\"\" class=\"wp-image-651\" srcset=\"https:\/\/www.rv-rheinsberg.de\/wp-content\/uploads\/2023\/03\/RVR-Shop-1024x868.png 1024w, https:\/\/www.rv-rheinsberg.de\/wp-content\/uploads\/2023\/03\/RVR-Shop-300x254.png 300w, https:\/\/www.rv-rheinsberg.de\/wp-content\/uploads\/2023\/03\/RVR-Shop-768x651.png 768w, https:\/\/www.rv-rheinsberg.de\/wp-content\/uploads\/2023\/03\/RVR-Shop-60x51.png 60w, https:\/\/www.rv-rheinsberg.de\/wp-content\/uploads\/2023\/03\/RVR-Shop-100x85.png 100w, https:\/\/www.rv-rheinsberg.de\/wp-content\/uploads\/2023\/03\/RVR-Shop.png 1299w\" sizes=\"auto, (max-width: 1024px) 100vw, 1024px\" \/><\/a><\/figure>\n","protected":false},"excerpt":{"rendered":"<p>Die hochwertige, strapazierf\u00e4hige und zweckm\u00e4\u00dfige Kleidung wird von dem auf den Rudersport spezialisierten Hersteller &#8222;JL Teams&#8220; bezogen und f\u00fcr unseren Verein mit speziellen Applikationen versehen.\u00a0 Sie kann ausschlie\u00dflich \u00fcber den &#8230;<\/p>\n","protected":false},"author":1,"featured_media":457,"parent":0,"menu_order":0,"comment_status":"closed","ping_status":"closed","template":"","meta":{"footnotes":""},"class_list":["post-644","page","type-page","status-publish","has-post-thumbnail","hentry"],"_links":{"self":[{"href":"https:\/\/www.rv-rheinsberg.de\/index.php?rest_route=\/wp\/v2\/pages\/644","targetHints":{"allow":["GET"]}}],"collection":[{"href":"https:\/\/www.rv-rheinsberg.de\/index.php?rest_route=\/wp\/v2\/pages"}],"about":[{"href":"https:\/\/www.rv-rheinsberg.de\/index.php?rest_route=\/wp\/v2\/types\/page"}],"author":[{"embeddable":true,"href":"https:\/\/www.rv-rheinsberg.de\/index.php?rest_route=\/wp\/v2\/users\/1"}],"replies":[{"embeddable":true,"href":"https:\/\/www.rv-rheinsberg.de\/index.php?rest_route=%2Fwp%2Fv2%2Fcomments&post=644"}],"version-history":[{"count":4,"href":"https:\/\/www.rv-rheinsberg.de\/index.php?rest_route=\/wp\/v2\/pages\/644\/revisions"}],"predecessor-version":[{"id":653,"href":"https:\/\/www.rv-rheinsberg.de\/index.php?rest_route=\/wp\/v2\/pages\/644\/revisions\/653"}],"wp:featuredmedia":[{"embeddable":true,"href":"https:\/\/www.rv-rheinsberg.de\/index.php?rest_route=\/wp\/v2\/media\/457"}],"wp:attachment":[{"href":"https:\/\/www.rv-rheinsberg.de\/index.php?rest_route=%2Fwp%2Fv2%2Fmedia&parent=644"}],"curies":[{"name":"wp","href":"https:\/\/api.w.org\/{rel}","templated":true}]}}