{"id":535,"date":"2023-01-27T13:36:53","date_gmt":"2023-01-27T12:36:53","guid":{"rendered":"https:\/\/www.rv-rheinsberg.de\/?page_id=535"},"modified":"2026-03-22T10:39:08","modified_gmt":"2026-03-22T09:39:08","slug":"gebuehrenordnung","status":"publish","type":"page","link":"https:\/\/www.rv-rheinsberg.de\/?page_id=535","title":{"rendered":"Geb\u00fchrenordnung"},"content":{"rendered":"\n<p>Bei der Nutzung von Sonderangeboten des Vereins werden folgende Geb\u00fchren erhoben:<\/p>\n\n\n\n<figure class=\"wp-block-table is-style-stripes\"><table><tbody><tr><td>Motorboot \u00dcbernachtung<br>Ablegen am n\u00e4chsten Tag bis 11 Uhr<\/td><td>pro Nacht 1\u20ac je Meter Bootsl\u00e4nge<br>pro Person 2\u20ac je Nacht<\/td><\/tr><tr><td>Motorboot anlegen bis 2 Std<\/td><td>1\u20ac pro Stunde<\/td><\/tr><tr><td>Landstrom pro 1,00 kwh<\/td><td>1\u20ac<\/td><\/tr><tr><td>Wasserentnahme 100L<\/td><td>1\u20ac<\/td><\/tr><tr><td>M\u00fcllentsorgung je 10L<\/td><td>2\u20ac<\/td><\/tr><tr><td>Paddelboot \/ Kajak anlegen pro Person<\/td><td>1\u20ac<\/td><\/tr><tr><td>Ablage von Booten sowie Nutzung des Rastplatzes<\/td><td>2\u20ac pro Boot<\/td><\/tr><tr><td>Motorboot Trainer pro Tag<\/td><td>30\u20ac + Benzinkosten<\/td><\/tr><tr><td>Ruderboot Anker pro Tag<\/td><td>20\u20ac<\/td><\/tr><tr><td>\u00dcbernachtung Luftmatratze<br>im Bootshaus (Kraftraum)<\/td><td>pro Person und Nacht 7\u20ac<\/td><\/tr><tr><td>Zeltplatz<br>(eigenes Zelt)<\/td><td>pro Person und Nacht 7\u20ac<\/td><\/tr><tr><td>Kurbeitrag<br>entsprechend st\u00e4dtischer Vorgabe<\/td><td>1,90\u20ac pro Nacht<\/td><\/tr><tr><td>Nutzung Kraftraum durch Gastvereine<\/td><td>7,00\u20ac pro Person<\/td><\/tr><tr><td>Saalmiete (nur Mitglieder des RV Rheinsberg 1910 e.V.)<\/td><td>50,00\u20ac<\/td><\/tr><\/tbody><\/table><figcaption class=\"wp-element-caption\">Geb\u00fchrenordnung<\/figcaption><\/figure>\n\n\n\n<p><\/p>\n","protected":false},"excerpt":{"rendered":"<p>Bei der Nutzung von Sonderangeboten des Vereins werden folgende Geb\u00fchren erhoben: Motorboot \u00dcbernachtungAblegen am n\u00e4chsten Tag bis 11 Uhr pro Nacht 1\u20ac je Meter Bootsl\u00e4ngepro Person 2\u20ac je Nacht Motorboot &#8230;<\/p>\n","protected":false},"author":1,"featured_media":273,"parent":0,"menu_order":0,"comment_status":"closed","ping_status":"closed","template":"","meta":{"footnotes":""},"class_list":["post-535","page","type-page","status-publish","has-post-thumbnail","hentry"],"_links":{"self":[{"href":"https:\/\/www.rv-rheinsberg.de\/index.php?rest_route=\/wp\/v2\/pages\/535","targetHints":{"allow":["GET"]}}],"collection":[{"href":"https:\/\/www.rv-rheinsberg.de\/index.php?rest_route=\/wp\/v2\/pages"}],"about":[{"href":"https:\/\/www.rv-rheinsberg.de\/index.php?rest_route=\/wp\/v2\/types\/page"}],"author":[{"embeddable":true,"href":"https:\/\/www.rv-rheinsberg.de\/index.php?rest_route=\/wp\/v2\/users\/1"}],"replies":[{"embeddable":true,"href":"https:\/\/www.rv-rheinsberg.de\/index.php?rest_route=%2Fwp%2Fv2%2Fcomments&post=535"}],"version-history":[{"count":12,"href":"https:\/\/www.rv-rheinsberg.de\/index.php?rest_route=\/wp\/v2\/pages\/535\/revisions"}],"predecessor-version":[{"id":1021,"href":"https:\/\/www.rv-rheinsberg.de\/index.php?rest_route=\/wp\/v2\/pages\/535\/revisions\/1021"}],"wp:featuredmedia":[{"embeddable":true,"href":"https:\/\/www.rv-rheinsberg.de\/index.php?rest_route=\/wp\/v2\/media\/273"}],"wp:attachment":[{"href":"https:\/\/www.rv-rheinsberg.de\/index.php?rest_route=%2Fwp%2Fv2%2Fmedia&parent=535"}],"curies":[{"name":"wp","href":"https:\/\/api.w.org\/{rel}","templated":true}]}}