{"id":296,"date":"2022-05-08T10:19:13","date_gmt":"2022-05-08T08:19:13","guid":{"rendered":"http:\/\/rasputin.ohjsyqpxu8paoubm.myfritz.net\/?page_id=296"},"modified":"2022-10-05T19:22:13","modified_gmt":"2022-10-05T17:22:13","slug":"zeltplatz","status":"publish","type":"page","link":"https:\/\/www.rv-rheinsberg.de\/?page_id=296","title":{"rendered":"Zeltplatz"},"content":{"rendered":"\n<div class=\"wp-block-group\"><div class=\"wp-block-group__inner-container is-layout-flow wp-block-group-is-layout-flow\">\n<div class=\"wp-block-columns is-layout-flex wp-container-core-columns-is-layout-9d6595d7 wp-block-columns-is-layout-flex\">\n<div class=\"wp-block-column is-layout-flow wp-block-column-is-layout-flow\" style=\"flex-basis:100%\">\n<p>F\u00fcr Wasserwanderer ob Ruderer oder Kanute steht auf unserem Gel\u00e4nde ein Zeltplatz zur Verf\u00fcgung. Wer pl\u00f6tzlich oder unerwartet \u00fcbernachten muss, f\u00fcr den stehen mehrere Leihzelte zur Auswahl bereit, zus\u00e4tzlich besteht die M\u00f6glichkeit in unserem Kraftraum zu \u00fcbernachten. <\/p>\n<\/div>\n<\/div>\n\n\n\n<div class=\"wp-block-columns is-layout-flex wp-container-core-columns-is-layout-9d6595d7 wp-block-columns-is-layout-flex\">\n<div class=\"wp-block-column is-layout-flow wp-block-column-is-layout-flow\">            <div class=\"fotorama responsive-image-silder\" \n                data-width=\"390px\"\n                data-height=\"390px\" \n                data-nav=\"dots\"\n                data-navwidth=\"\" \n                data-allowfullscreen=\"true\"\n                data-fit=\"cover\"\n                data-transitionduration=\"300\"\n                data-autoplay=\"true\" \n                data-loop=\"true\"\n                data-arrows=\"true\" \n                data-swipe=\"true\"\n                data-spinner=\"true\" \n                data-transition=\"slide\">\n                                        <img decoding=\"async\" src=\"https:\/\/www.rv-rheinsberg.de\/wp-content\/uploads\/2022\/07\/Zeltplatz_1.jpg\" data-thumb=\"https:\/\/www.rv-rheinsberg.de\/wp-content\/uploads\/2022\/07\/Zeltplatz_1-150x150.jpg\" data-caption=\"\">\n                                                <img decoding=\"async\" src=\"https:\/\/www.rv-rheinsberg.de\/wp-content\/uploads\/2022\/04\/zeltplatz.jpeg\" data-thumb=\"https:\/\/www.rv-rheinsberg.de\/wp-content\/uploads\/2022\/04\/zeltplatz-150x150.jpeg\" data-caption=\"\">\n                                    <\/div>\n            \n            <!-- Initialization Script - Inside the container to ensure it's returned by the shortcode -->\n            <script>\n                jQuery(function ($) {\n                    $('.responsive-image-silder').fotorama({\n                        spinner: {\n                            lines: 13,\n                            color: 'rgba(0, 0, 0, .75)',\n                            className: 'fotorama',\n                        }\n                    });\n                });\n            <\/script>\n            \n<\/div>\n\n\n\n<div class=\"wp-block-column is-layout-flow wp-block-column-is-layout-flow\">\n<figure class=\"wp-block-table is-style-stripes\"><table><tbody><tr><td>\u00dcbernachtung Luftmatratze<br>im Bootshaus (Kraftraum)<\/td><td>pro Person und Nacht 7\u20ac<\/td><\/tr><tr><td>Zeltplatz<br>(eigenes Zelt)<\/td><td>pro Person und Nacht 7\u20ac<\/td><\/tr><tr><td>Kurbeitrag<br>entsprechend st\u00e4dtischer Vorgabe<\/td><td>1,60\u20ac pro Nacht<\/td><\/tr><\/tbody><\/table><\/figure>\n<\/div>\n<\/div>\n<\/div><\/div>\n\n\n\n<div class=\"wp-block-columns is-layout-flex wp-container-core-columns-is-layout-9d6595d7 wp-block-columns-is-layout-flex\">\n<div class=\"wp-block-column is-layout-flow wp-block-column-is-layout-flow\" style=\"flex-basis:100%\">\n<p><mark style=\"background-color:rgba(0, 0, 0, 0)\" class=\"has-inline-color has-black-color\"><strong>Kontakt<\/strong><\/mark><\/p>\n\n\n\n<div class=\"wp-block-columns is-layout-flex wp-container-core-columns-is-layout-9d6595d7 wp-block-columns-is-layout-flex\">\n<div class=\"wp-block-column is-layout-flow wp-block-column-is-layout-flow\">\n<div class=\"wpforms-container wpforms-container-full\" id=\"wpforms-332\"><form id=\"wpforms-form-332\" class=\"wpforms-validate wpforms-form wpforms-ajax-form\" data-formid=\"332\" method=\"post\" enctype=\"multipart\/form-data\" action=\"\/index.php?rest_route=%2Fwp%2Fv2%2Fpages%2F296\" data-token=\"a8cae647f0f005e351f00a38a36d479f\" data-token-time=\"1776028013\"><noscript class=\"wpforms-error-noscript\">Bitte aktiviere JavaScript in deinem Browser, um dieses Formular fertigzustellen.<\/noscript><div class=\"wpforms-field-container\"><div id=\"wpforms-332-field_0-container\" class=\"wpforms-field wpforms-field-name\" data-field-id=\"0\"><label class=\"wpforms-field-label\">Name <span class=\"wpforms-required-label\">*<\/span><\/label><div class=\"wpforms-field-row wpforms-field-medium\"><div class=\"wpforms-field-row-block wpforms-first wpforms-one-half\"><input type=\"text\" id=\"wpforms-332-field_0\" class=\"wpforms-field-name-first wpforms-field-required\" name=\"wpforms[fields][0][first]\" required><label for=\"wpforms-332-field_0\" class=\"wpforms-field-sublabel after\">Vorname<\/label><\/div><div class=\"wpforms-field-row-block wpforms-one-half\"><input type=\"text\" id=\"wpforms-332-field_0-last\" class=\"wpforms-field-name-last wpforms-field-required\" name=\"wpforms[fields][0][last]\" required><label for=\"wpforms-332-field_0-last\" class=\"wpforms-field-sublabel after\">Nachname<\/label><\/div><\/div><\/div><div id=\"wpforms-332-field_1-container\" class=\"wpforms-field wpforms-field-email\" data-field-id=\"1\"><label class=\"wpforms-field-label\" for=\"wpforms-332-field_1\">Email <span class=\"wpforms-required-label\">*<\/span><\/label><input type=\"email\" id=\"wpforms-332-field_1\" class=\"wpforms-field-medium wpforms-field-required\" name=\"wpforms[fields][1]\" spellcheck=\"false\" required><\/div><div id=\"wpforms-332-field_2-container\" class=\"wpforms-field wpforms-field-textarea\" data-field-id=\"2\"><label class=\"wpforms-field-label\" for=\"wpforms-332-field_2\">Comment or Message <span class=\"wpforms-required-label\">*<\/span><\/label><textarea id=\"wpforms-332-field_2\" class=\"wpforms-field-medium wpforms-field-required\" name=\"wpforms[fields][2]\" required><\/textarea><\/div><\/div><!-- .wpforms-field-container --><div class=\"wpforms-recaptcha-container wpforms-is-recaptcha wpforms-is-recaptcha-type-v3\" ><input type=\"hidden\" name=\"wpforms[recaptcha]\" value=\"\"><\/div><div class=\"wpforms-submit-container\" ><input type=\"hidden\" name=\"wpforms[id]\" value=\"332\"><input type=\"hidden\" name=\"page_title\" value=\"\"><input type=\"hidden\" name=\"page_url\" value=\"https:\/\/www.rv-rheinsberg.de\/index.php?rest_route=\/wp\/v2\/pages\/296\"><input type=\"hidden\" name=\"url_referer\" value=\"\"><button type=\"submit\" name=\"wpforms[submit]\" id=\"wpforms-submit-332\" class=\"wpforms-submit\" data-alt-text=\"Sending...\" data-submit-text=\"Submit\" aria-live=\"assertive\" value=\"wpforms-submit\">Submit<\/button><img loading=\"lazy\" decoding=\"async\" src=\"https:\/\/www.rv-rheinsberg.de\/wp-content\/plugins\/wpforms-lite\/assets\/images\/submit-spin.svg\" class=\"wpforms-submit-spinner\" style=\"display: none;\" width=\"26\" height=\"26\" alt=\"Wird geladen\"><\/div><\/form><\/div>  <!-- .wpforms-container -->\n<\/div>\n\n\n\n<div class=\"wp-block-column is-layout-flow wp-block-column-is-layout-flow\"><\/div>\n<\/div>\n<\/div>\n<\/div>\n","protected":false},"excerpt":{"rendered":"<p>F\u00fcr Wasserwanderer ob Ruderer oder Kanute steht auf unserem Gel\u00e4nde ein Zeltplatz zur Verf\u00fcgung. Wer pl\u00f6tzlich oder unerwartet \u00fcbernachten muss, f\u00fcr den stehen mehrere Leihzelte zur Auswahl bereit, zus\u00e4tzlich besteht &#8230;<\/p>\n","protected":false},"author":1,"featured_media":313,"parent":0,"menu_order":0,"comment_status":"closed","ping_status":"closed","template":"","meta":{"footnotes":""},"class_list":["post-296","page","type-page","status-publish","has-post-thumbnail","hentry"],"_links":{"self":[{"href":"https:\/\/www.rv-rheinsberg.de\/index.php?rest_route=\/wp\/v2\/pages\/296","targetHints":{"allow":["GET"]}}],"collection":[{"href":"https:\/\/www.rv-rheinsberg.de\/index.php?rest_route=\/wp\/v2\/pages"}],"about":[{"href":"https:\/\/www.rv-rheinsberg.de\/index.php?rest_route=\/wp\/v2\/types\/page"}],"author":[{"embeddable":true,"href":"https:\/\/www.rv-rheinsberg.de\/index.php?rest_route=\/wp\/v2\/users\/1"}],"replies":[{"embeddable":true,"href":"https:\/\/www.rv-rheinsberg.de\/index.php?rest_route=%2Fwp%2Fv2%2Fcomments&post=296"}],"version-history":[{"count":15,"href":"https:\/\/www.rv-rheinsberg.de\/index.php?rest_route=\/wp\/v2\/pages\/296\/revisions"}],"predecessor-version":[{"id":388,"href":"https:\/\/www.rv-rheinsberg.de\/index.php?rest_route=\/wp\/v2\/pages\/296\/revisions\/388"}],"wp:featuredmedia":[{"embeddable":true,"href":"https:\/\/www.rv-rheinsberg.de\/index.php?rest_route=\/wp\/v2\/media\/313"}],"wp:attachment":[{"href":"https:\/\/www.rv-rheinsberg.de\/index.php?rest_route=%2Fwp%2Fv2%2Fmedia&parent=296"}],"curies":[{"name":"wp","href":"https:\/\/api.w.org\/{rel}","templated":true}]}}